{"id":2062,"date":"2025-11-28T10:51:45","date_gmt":"2025-11-28T10:51:45","guid":{"rendered":"https:\/\/revolutia.pl\/?page_id=2062"},"modified":"2025-11-28T10:55:18","modified_gmt":"2025-11-28T10:55:18","slug":"program-regionalny-fundusze-europejskie-dla-lodzkiego-2021-2027","status":"publish","type":"page","link":"https:\/\/revolutia.pl\/en\/program-regionalny-fundusze-europejskie-dla-lodzkiego-2021-2027\/","title":{"rendered":"Program Regionalny Fundusze Europejskie dla \u0141\u00f3dzkiego 2021-2027"},"content":{"rendered":"<div data-elementor-type=\"wp-page\" data-elementor-id=\"2062\" class=\"elementor elementor-2062\" data-elementor-post-type=\"page\">\n\t\t\t\t\t\t\t<div class=\"elementor-element elementor-element-59398d7 e-flex e-con-boxed e-con e-parent\" data-id=\"59398d7\" data-element_type=\"container\" data-settings=\"{&quot;shape_divider_top&quot;:&quot;pyramids&quot;,&quot;shape_divider_bottom&quot;:&quot;pyramids&quot;,&quot;content_width&quot;:&quot;boxed&quot;}\" data-core-v316-plus=\"true\">\n\t\t\t\t\t<div class=\"e-con-inner\">\n\t\t\t\t<div class=\"elementor-shape elementor-shape-top\" data-negative=\"false\">\n\t\t\t<svg xmlns=\"http:\/\/www.w3.org\/2000\/svg\" viewbox=\"0 0 1000 100\" preserveaspectratio=\"none\">\n\t<path class=\"elementor-shape-fill\" d=\"M761.9,44.1L643.1,27.2L333.8,98L0,3.8V0l1000,0v3.9\"\/>\n<\/svg>\t\t<\/div>\n\t\t\t\t<div class=\"elementor-shape elementor-shape-bottom\" data-negative=\"false\">\n\t\t\t<svg xmlns=\"http:\/\/www.w3.org\/2000\/svg\" viewbox=\"0 0 1000 100\" preserveaspectratio=\"none\">\n\t<path class=\"elementor-shape-fill\" d=\"M761.9,44.1L643.1,27.2L333.8,98L0,3.8V0l1000,0v3.9\"\/>\n<\/svg>\t\t<\/div>\n\t\t<div class=\"elementor-element elementor-element-7edf556 e-con-full e-flex e-con e-child\" data-id=\"7edf556\" data-element_type=\"container\" data-settings=\"{&quot;content_width&quot;:&quot;full&quot;}\">\n\t\t\t\t<div class=\"elementor-element elementor-element-b332633 elementor-widget-divider--separator-type-pattern elementor-widget-divider--view-line elementor-invisible elementor-widget elementor-widget-global elementor-global-102 elementor-widget-divider\" data-id=\"b332633\" data-element_type=\"widget\" data-settings=\"{&quot;_animation&quot;:&quot;rotateIn&quot;}\" data-widget_type=\"divider.default\">\n\t\t\t\t<div class=\"elementor-widget-container\">\n\t\t\t<style>\/*! elementor - v3.18.0 - 20-12-2023 *\/\n.elementor-widget-divider{--divider-border-style:none;--divider-border-width:1px;--divider-color:#0c0d0e;--divider-icon-size:20px;--divider-element-spacing:10px;--divider-pattern-height:24px;--divider-pattern-size:20px;--divider-pattern-url:none;--divider-pattern-repeat:repeat-x}.elementor-widget-divider .elementor-divider{display:flex}.elementor-widget-divider .elementor-divider__text{font-size:15px;line-height:1;max-width:95%}.elementor-widget-divider .elementor-divider__element{margin:0 var(--divider-element-spacing);flex-shrink:0}.elementor-widget-divider .elementor-icon{font-size:var(--divider-icon-size)}.elementor-widget-divider .elementor-divider-separator{display:flex;margin:0;direction:ltr}.elementor-widget-divider--view-line_icon .elementor-divider-separator,.elementor-widget-divider--view-line_text .elementor-divider-separator{align-items:center}.elementor-widget-divider--view-line_icon .elementor-divider-separator:after,.elementor-widget-divider--view-line_icon .elementor-divider-separator:before,.elementor-widget-divider--view-line_text .elementor-divider-separator:after,.elementor-widget-divider--view-line_text .elementor-divider-separator:before{display:block;content:\"\";border-bottom:0;flex-grow:1;border-top:var(--divider-border-width) var(--divider-border-style) var(--divider-color)}.elementor-widget-divider--element-align-left .elementor-divider .elementor-divider-separator>.elementor-divider__svg:first-of-type{flex-grow:0;flex-shrink:100}.elementor-widget-divider--element-align-left .elementor-divider-separator:before{content:none}.elementor-widget-divider--element-align-left .elementor-divider__element{margin-left:0}.elementor-widget-divider--element-align-right .elementor-divider .elementor-divider-separator>.elementor-divider__svg:last-of-type{flex-grow:0;flex-shrink:100}.elementor-widget-divider--element-align-right .elementor-divider-separator:after{content:none}.elementor-widget-divider--element-align-right .elementor-divider__element{margin-right:0}.elementor-widget-divider:not(.elementor-widget-divider--view-line_text):not(.elementor-widget-divider--view-line_icon) .elementor-divider-separator{border-top:var(--divider-border-width) var(--divider-border-style) var(--divider-color)}.elementor-widget-divider--separator-type-pattern{--divider-border-style:none}.elementor-widget-divider--separator-type-pattern.elementor-widget-divider--view-line .elementor-divider-separator,.elementor-widget-divider--separator-type-pattern:not(.elementor-widget-divider--view-line) .elementor-divider-separator:after,.elementor-widget-divider--separator-type-pattern:not(.elementor-widget-divider--view-line) .elementor-divider-separator:before,.elementor-widget-divider--separator-type-pattern:not([class*=elementor-widget-divider--view]) .elementor-divider-separator{width:100%;min-height:var(--divider-pattern-height);-webkit-mask-size:var(--divider-pattern-size) 100%;mask-size:var(--divider-pattern-size) 100%;-webkit-mask-repeat:var(--divider-pattern-repeat);mask-repeat:var(--divider-pattern-repeat);background-color:var(--divider-color);-webkit-mask-image:var(--divider-pattern-url);mask-image:var(--divider-pattern-url)}.elementor-widget-divider--no-spacing{--divider-pattern-size:auto}.elementor-widget-divider--bg-round{--divider-pattern-repeat:round}.rtl .elementor-widget-divider .elementor-divider__text{direction:rtl}.e-con-inner>.elementor-widget-divider,.e-con>.elementor-widget-divider{width:var(--container-widget-width,100%);--flex-grow:var(--container-widget-flex-grow)}<\/style>\t\t<div class=\"elementor-divider\" style=\"--divider-pattern-url: url(&quot;data:image\/svg+xml,%3Csvg xmlns=&#039;http:\/\/www.w3.org\/2000\/svg&#039; preserveAspectRatio=&#039;none&#039; overflow=&#039;visible&#039; height=&#039;100%&#039; viewBox=&#039;0 0 24 24&#039; fill=&#039;black&#039; stroke=&#039;none&#039;%3E%3Cpath d=&#039;M12.7,2.3c-0.4-0.4-1.1-0.4-1.5,0l-8,9.1c-0.3,0.4-0.3,0.9,0,1.2l8,9.1c0.4,0.4,1.1,0.4,1.5,0l8-9.1c0.3-0.4,0.3-0.9,0-1.2L12.7,2.3z&#039;\/%3E%3C\/svg%3E&quot;);\">\n\t\t\t<span class=\"elementor-divider-separator\">\n\t\t\t\t\t\t<\/span>\n\t\t<\/div>\n\t\t\t\t<\/div>\n\t\t\t\t<\/div>\n\t\t\t\t<\/div>\n\t\t\t\t\t<\/div>\n\t\t\t\t<\/div>\n\t\t<div class=\"elementor-element elementor-element-5adc53e e-flex e-con-boxed e-con e-parent\" data-id=\"5adc53e\" data-element_type=\"container\" data-settings=\"{&quot;background_background&quot;:&quot;gradient&quot;,&quot;shape_divider_bottom&quot;:&quot;pyramids&quot;,&quot;content_width&quot;:&quot;boxed&quot;}\" data-core-v316-plus=\"true\">\n\t\t\t\t\t<div class=\"e-con-inner\">\n\t\t\t\t<div class=\"elementor-shape elementor-shape-bottom\" data-negative=\"false\">\n\t\t\t<svg xmlns=\"http:\/\/www.w3.org\/2000\/svg\" viewbox=\"0 0 1000 100\" preserveaspectratio=\"none\">\n\t<path class=\"elementor-shape-fill\" d=\"M761.9,44.1L643.1,27.2L333.8,98L0,3.8V0l1000,0v3.9\"\/>\n<\/svg>\t\t<\/div>\n\t\t<div class=\"elementor-element elementor-element-99303fb e-flex e-con-boxed e-con e-child\" data-id=\"99303fb\" data-element_type=\"container\" data-settings=\"{&quot;content_width&quot;:&quot;boxed&quot;}\">\n\t\t\t\t\t<div class=\"e-con-inner\">\n\t\t<div class=\"elementor-element elementor-element-2ac8e59 e-flex e-con-boxed e-con e-child\" data-id=\"2ac8e59\" data-element_type=\"container\" data-settings=\"{&quot;content_width&quot;:&quot;boxed&quot;}\">\n\t\t\t\t\t<div class=\"e-con-inner\">\n\t\t\t\t<div class=\"elementor-element elementor-element-afe035f elementor-widget elementor-widget-text-editor\" data-id=\"afe035f\" data-element_type=\"widget\" data-widget_type=\"text-editor.default\">\n\t\t\t\t<div class=\"elementor-widget-container\">\n\t\t\t<style>\/*! elementor - v3.18.0 - 20-12-2023 *\/\n.elementor-widget-text-editor.elementor-drop-cap-view-stacked .elementor-drop-cap{background-color:#69727d;color:#fff}.elementor-widget-text-editor.elementor-drop-cap-view-framed .elementor-drop-cap{color:#69727d;border:3px solid;background-color:transparent}.elementor-widget-text-editor:not(.elementor-drop-cap-view-default) .elementor-drop-cap{margin-top:8px}.elementor-widget-text-editor:not(.elementor-drop-cap-view-default) .elementor-drop-cap-letter{width:1em;height:1em}.elementor-widget-text-editor .elementor-drop-cap{float:left;text-align:center;line-height:1;font-size:50px}.elementor-widget-text-editor .elementor-drop-cap-letter{display:inline-block}<\/style>\t\t\t\t<p><img fetchpriority=\"high\" decoding=\"async\" class=\"alignnone wp-image-2067 size-full\" src=\"https:\/\/revolutia.pl\/wp-content\/uploads\/2025\/11\/Obraz1.jpg\" alt=\"\" width=\"1386\" height=\"139\" srcset=\"https:\/\/revolutia.pl\/wp-content\/uploads\/2025\/11\/Obraz1.jpg 1386w, https:\/\/revolutia.pl\/wp-content\/uploads\/2025\/11\/Obraz1-300x30.jpg 300w, https:\/\/revolutia.pl\/wp-content\/uploads\/2025\/11\/Obraz1-1024x103.jpg 1024w, https:\/\/revolutia.pl\/wp-content\/uploads\/2025\/11\/Obraz1-768x77.jpg 768w, https:\/\/revolutia.pl\/wp-content\/uploads\/2025\/11\/Obraz1-18x2.jpg 18w\" sizes=\"(max-width: 1386px) 100vw, 1386px\" \/><\/p><p>Mi\u0142o nam poinformowa\u0107, \u017ce Hereditas Sp. z o .o. z dniem 31.10.2025 r. przyst\u0105pi\u0142a do realizacji projektu pn. <em>\u015ar\u00f3dmiejska turystyka<\/em>, kt\u00f3ry uzyska\u0142 dofinansowanie ze \u015brodk\u00f3w Europejskiego Funduszu Rozwoju Regionalnego w ramach Programu Regionalnego Fundusze Europejskie dla \u0141\u00f3dzkiego 2021-2027.<\/p><p>Ca\u0142kowita warto\u015b\u0107 projektu wynosi 13\u00a0423\u00a0334,79 z\u0142, w tym warto\u015b\u0107 dofinansowania z UE to kwota 7\u00a0530\u00a0391,81 z\u0142.<\/p><p>G\u0142\u00f3wnym celem projektu jest rozw\u00f3j zr\u00f3wnowa\u017conej turystyki stymuluj\u0105cej dzia\u0142alno\u015b\u0107 turystyczn\u0105 w regionie, sprzyjaj\u0105cej w\u0142\u0105czeniom spo\u0142ecznym i innowacjom. W wyniku realizacji projektu powstan\u0105 przestrzenie hotelowe w formule samoobs\u0142ugowych aparthoteli w dw\u00f3ch nieruchomo\u015bciach przy ul. Piotrkowskiej 18 i ul. Rewolucji 1905 r. nr 20 z unikatow\u0105 ofert\u0105 turystyczn\u0105, mo\u017cliw\u0105 do realizacji m. in. dzi\u0119ki nawi\u0105zaniu wsp\u00f3\u0142pracy z Fundacj\u0105 \u0141\u00f3dzki Szlak Kobiet prowadzon\u0105 przez animatorki kultury i przewodniczki po mie\u015bcie, kt\u00f3ra popularyzuje herstorie \u0142\u00f3dzkich kobiet. Projekt b\u0119dzie realizowany w podziale na cztery zadania: Modernizacja istniej\u0105cej infrastruktury maj\u0105cej s\u0142u\u017cy\u0107 dzia\u0142alno\u015bci turystycznej, Zakup wyposa\u017cenia obiekt\u00f3w turystycznych, Zakup paneli fotowoltaicznych, Zakup oprogramowania.<\/p><p>Odbiorcami projektu s\u0105 tury\u015bci krajowi i zagraniczni, podr\u00f3\u017cuj\u0105cy indywidualnie, w grupie, rodzinnie z dzie\u0107mi, w celach wypoczynkowych, kulturalnych, biznesowych, edukacyjnych, sportowych. W szerszym uj\u0119ciu odbiorcami mog\u0105 by\u0107 r\u00f3wnie\u017c mieszka\u0144cy wojew\u00f3dztwa podr\u00f3\u017cuj\u0105cy w celach turystycznych do \u0141odzi.<\/p><p>\u00a0<\/p>\t\t\t\t\t\t<\/div>\n\t\t\t\t<\/div>\n\t\t\t\t\t<\/div>\n\t\t\t\t<\/div>\n\t\t\t\t\t<\/div>\n\t\t\t\t<\/div>\n\t\t\t\t\t<\/div>\n\t\t\t\t<\/div>\n\t\t\t\t\t\t\t<\/div>","protected":false},"excerpt":{"rendered":"<p>Mi\u0142o nam poinformowa\u0107, \u017ce Hereditas Sp. z o .o. z dniem 31.10.2025 r. przyst\u0105pi\u0142a do realizacji projektu pn. \u015ar\u00f3dmiejska turystyka, kt\u00f3ry uzyska\u0142 dofinansowanie ze \u015brodk\u00f3w Europejskiego Funduszu Rozwoju Regionalnego w ramach Programu Regionalnego Fundusze Europejskie dla \u0141\u00f3dzkiego 2021-2027. Ca\u0142kowita warto\u015b\u0107 projektu wynosi 13\u00a0423\u00a0334,79 z\u0142, w tym warto\u015b\u0107 dofinansowania z UE to kwota 7\u00a0530\u00a0391,81 z\u0142. G\u0142\u00f3wnym [&hellip;]<\/p>","protected":false},"author":1,"featured_media":0,"parent":0,"menu_order":0,"comment_status":"closed","ping_status":"closed","template":"","meta":{"footnotes":""},"class_list":["post-2062","page","type-page","status-publish","hentry"],"acf":[],"_links":{"self":[{"href":"https:\/\/revolutia.pl\/en\/wp-json\/wp\/v2\/pages\/2062","targetHints":{"allow":["GET"]}}],"collection":[{"href":"https:\/\/revolutia.pl\/en\/wp-json\/wp\/v2\/pages"}],"about":[{"href":"https:\/\/revolutia.pl\/en\/wp-json\/wp\/v2\/types\/page"}],"author":[{"embeddable":true,"href":"https:\/\/revolutia.pl\/en\/wp-json\/wp\/v2\/users\/1"}],"replies":[{"embeddable":true,"href":"https:\/\/revolutia.pl\/en\/wp-json\/wp\/v2\/comments?post=2062"}],"version-history":[{"count":13,"href":"https:\/\/revolutia.pl\/en\/wp-json\/wp\/v2\/pages\/2062\/revisions"}],"predecessor-version":[{"id":2088,"href":"https:\/\/revolutia.pl\/en\/wp-json\/wp\/v2\/pages\/2062\/revisions\/2088"}],"wp:attachment":[{"href":"https:\/\/revolutia.pl\/en\/wp-json\/wp\/v2\/media?parent=2062"}],"curies":[{"name":"wp","href":"https:\/\/api.w.org\/{rel}","templated":true}]}}